{"id":1047,"date":"2019-09-19T10:54:31","date_gmt":"2019-09-19T00:54:31","guid":{"rendered":"http:\/\/www.nunawadingbasketball.com.au\/?page_id=1047"},"modified":"2025-11-06T12:11:47","modified_gmt":"2025-11-06T01:11:47","slug":"nunawading-referees-honour-board","status":"publish","type":"page","link":"https:\/\/www.nunawadingbasketball.com.au\/vi\/nunawading-referees-honour-board\/","title":{"rendered":"Ban danh d\u1ef1 tr\u1ecdng t\u00e0i Nunawading"},"content":{"rendered":"<table>\n<colgroup>\n<col \/>\n<col \/>\n<col \/>\n<col \/><\/colgroup>\n<tbody>\n<tr>\n<td><span style=\"font-family: tahoma, arial, helvetica, sans-serif;\">* K. M\u00f9a \u0111\u00f4ng\u2022<\/span><\/td>\n<td><span style=\"font-family: tahoma, arial, helvetica, sans-serif;\">* B. N\u00e0y<\/span><\/td>\n<td><span style=\"font-family: tahoma, arial, helvetica, sans-serif;\">* R. Helmore<\/span><\/td>\n<td><span style=\"font-family: tahoma, arial, helvetica, sans-serif;\">*VI\u1ebeT SAI R\u1ed2I. Afghanistan<\/span><\/td>\n<\/tr>\n<tr>\n<td><span style=\"font-family: tahoma, arial, helvetica, sans-serif;\">* R. Stacker<\/span><\/td>\n<td><span style=\"font-family: tahoma, arial, helvetica, sans-serif;\">* G. Trembath<\/span><\/td>\n<td><span style=\"font-family: tahoma, arial, helvetica, sans-serif;\">* L. Mac Leod \u2022<\/span><\/td>\n<td><span style=\"font-family: tahoma, arial, helvetica, sans-serif;\">* G. Mac Leod<\/span><\/td>\n<\/tr>\n<tr>\n<td><span style=\"font-family: tahoma, arial, helvetica, sans-serif;\">* M. Andreola<\/span><\/td>\n<td><span style=\"font-family: tahoma, arial, helvetica, sans-serif;\">* M. Aylen<\/span><\/td>\n<td><span style=\"font-family: tahoma, arial, helvetica, sans-serif;\">G. Cullis<\/span><\/td>\n<td><span style=\"font-family: tahoma, arial, helvetica, sans-serif;\">*S. Daniel<\/span><\/td>\n<\/tr>\n<tr>\n<td valign=\"top\"><span style=\"font-family: tahoma, arial, helvetica, sans-serif;\">* L.Miles<\/span><\/td>\n<td valign=\"top\"><span style=\"font-family: tahoma, arial, helvetica, sans-serif;\">* A. S\u1edbm<\/span><\/td>\n<td valign=\"top\"><span style=\"font-family: tahoma, arial, helvetica, sans-serif;\">* J. Murphy \u2022<\/span><\/td>\n<td valign=\"top\"><span style=\"font-family: tahoma, arial, helvetica, sans-serif;\">*L. Shelton<\/span><\/td>\n<\/tr>\n<tr>\n<td valign=\"top\"><span style=\"font-family: tahoma, arial, helvetica, sans-serif;\">B. M\u00e1y \u00e9p<\/span><\/td>\n<td valign=\"top\"><span style=\"font-family: tahoma, arial, helvetica, sans-serif;\">*N. Bradbury\u2022<\/span><\/td>\n<td valign=\"top\"><span style=\"font-family: tahoma, arial, helvetica, sans-serif;\">G. Voyer<\/span><\/td>\n<td><span style=\"font-family: tahoma, arial, helvetica, sans-serif;\">* P. Bennell<\/span><\/td>\n<\/tr>\n<tr>\n<td valign=\"top\"><span style=\"font-family: tahoma, arial, helvetica, sans-serif;\">* C. Loman<\/span><\/td>\n<td valign=\"top\"><span style=\"font-family: tahoma, arial, helvetica, sans-serif;\">*S. Bradbury<\/span><\/td>\n<td valign=\"top\"><span style=\"font-family: tahoma, arial, helvetica, sans-serif;\">* E. Schulenberg<\/span><\/td>\n<td valign=\"top\"><span style=\"font-family: tahoma, arial, helvetica, sans-serif;\">* J. tr\u1eafng<\/span><\/td>\n<\/tr>\n<tr>\n<td valign=\"top\"><span style=\"font-family: tahoma, arial, helvetica, sans-serif;\">* B. B\u1edd bi\u1ec3n<\/span><\/td>\n<td valign=\"top\"><\/td>\n<td valign=\"top\"><\/td>\n<td valign=\"top\"><\/td>\n<\/tr>\n<\/tbody>\n<\/table>\n<p><span style=\"font-family: tahoma, arial, helvetica, sans-serif;\">* \u0110\u1ec3 bi\u1ec3u th\u1ecb th\u00e0nh vi\u00ean cu\u1ed9c s\u1ed1ng<\/span><\/p>\n<p><span style=\"font-family: tahoma, arial, helvetica, sans-serif;\">\u2022 NG\u01af\u1edcI CH\u1ebeT<\/span><\/p>\n<!-- AddThis Advanced Settings generic via filter on the_content --><!-- AddThis Share Buttons generic via filter on the_content -->","protected":false},"excerpt":{"rendered":"<p>*K. Winter\u2022 *B. Heyen *R. Helmore *N. Hughan *R. Stacker *G. Trembath *L. Mac Leod\u2022 *G. Mac Leod *M. Andreola *M. Aylen G. Cullis *S.\u2026 <a href=\"https:\/\/www.nunawadingbasketball.com.au\/vi\/nunawading-referees-honour-board\/\">\u0110\u1ecdc th\u00eam &quot;<\/a><\/p>","protected":false},"author":1,"featured_media":0,"parent":0,"menu_order":0,"comment_status":"closed","ping_status":"closed","template":"","meta":{"_acf_changed":false,"footnotes":""},"class_list":["post-1047","page","type-page","status-publish","hentry"],"acf":[],"_links":{"self":[{"href":"https:\/\/www.nunawadingbasketball.com.au\/vi\/wp-json\/wp\/v2\/pages\/1047","targetHints":{"allow":["GET"]}}],"collection":[{"href":"https:\/\/www.nunawadingbasketball.com.au\/vi\/wp-json\/wp\/v2\/pages"}],"about":[{"href":"https:\/\/www.nunawadingbasketball.com.au\/vi\/wp-json\/wp\/v2\/types\/page"}],"author":[{"embeddable":true,"href":"https:\/\/www.nunawadingbasketball.com.au\/vi\/wp-json\/wp\/v2\/users\/1"}],"replies":[{"embeddable":true,"href":"https:\/\/www.nunawadingbasketball.com.au\/vi\/wp-json\/wp\/v2\/comments?post=1047"}],"version-history":[{"count":4,"href":"https:\/\/www.nunawadingbasketball.com.au\/vi\/wp-json\/wp\/v2\/pages\/1047\/revisions"}],"predecessor-version":[{"id":4863,"href":"https:\/\/www.nunawadingbasketball.com.au\/vi\/wp-json\/wp\/v2\/pages\/1047\/revisions\/4863"}],"wp:attachment":[{"href":"https:\/\/www.nunawadingbasketball.com.au\/vi\/wp-json\/wp\/v2\/media?parent=1047"}],"curies":[{"name":"wp","href":"https:\/\/api.w.org\/{rel}","templated":true}]}}