{"id":752,"date":"2019-09-18T11:20:15","date_gmt":"2019-09-18T01:20:15","guid":{"rendered":"http:\/\/www.nunawadingbasketball.com.au\/?page_id=752"},"modified":"2025-11-06T10:57:09","modified_gmt":"2025-11-05T23:57:09","slug":"association-rules","status":"publish","type":"page","link":"https:\/\/www.nunawadingbasketball.com.au\/vi\/association-rules\/","title":{"rendered":"N\u1ed9i quy hi\u1ec7p h\u1ed9i"},"content":{"rendered":"<p style=\"text-align: center;\"><span style=\"font-family: tahoma, arial, helvetica, sans-serif;\">Hi\u1ec7p h\u1ed9i b\u00f3ng r\u1ed5 \u0110\u00f4ng Melbourne \u0111\u00e3 th\u00e0nh l\u1eadp Hi\u1ebfn ph\u00e1p ri\u00eang c\u1ee7a m\u00ecnh.<\/span><\/p>\n<p style=\"text-align: center;\"><span style=\"font-family: tahoma, arial, helvetica, sans-serif;\">Hi\u1ebfn ph\u00e1p n\u00e0y c\u00f3 th\u1ec3 \u0111\u01b0\u1ee3c t\u1ea3i xu\u1ed1ng t\u1ea1i li\u00ean k\u1ebft d\u01b0\u1edbi \u0111\u00e2y:<\/span><\/p>\n<p style=\"text-align: center;\"><span style=\"font-family: tahoma, arial, helvetica, sans-serif;\"><a href=\"http:\/\/www.nunawadingbasketball.com.au\/wp-content\/uploads\/2020\/03\/MEBA-Constitution-2019.pdf\" target=\"_blank\" rel=\"noopener noreferrer\"><strong>MEBA Constitution<\/strong><\/a><\/span><\/p>\n<!-- AddThis Advanced Settings generic via filter on the_content --><!-- AddThis Share Buttons generic via filter on the_content -->","protected":false},"excerpt":{"rendered":"<p>The Melbourne East Basketball Association has established it&#8217;s own Constitution. This constitution can be downloaded at the link below: MEBA Constitution<\/p>","protected":false},"author":1,"featured_media":0,"parent":0,"menu_order":0,"comment_status":"closed","ping_status":"closed","template":"","meta":{"_acf_changed":false,"footnotes":""},"class_list":["post-752","page","type-page","status-publish","hentry"],"acf":[],"_links":{"self":[{"href":"https:\/\/www.nunawadingbasketball.com.au\/vi\/wp-json\/wp\/v2\/pages\/752","targetHints":{"allow":["GET"]}}],"collection":[{"href":"https:\/\/www.nunawadingbasketball.com.au\/vi\/wp-json\/wp\/v2\/pages"}],"about":[{"href":"https:\/\/www.nunawadingbasketball.com.au\/vi\/wp-json\/wp\/v2\/types\/page"}],"author":[{"embeddable":true,"href":"https:\/\/www.nunawadingbasketball.com.au\/vi\/wp-json\/wp\/v2\/users\/1"}],"replies":[{"embeddable":true,"href":"https:\/\/www.nunawadingbasketball.com.au\/vi\/wp-json\/wp\/v2\/comments?post=752"}],"version-history":[{"count":6,"href":"https:\/\/www.nunawadingbasketball.com.au\/vi\/wp-json\/wp\/v2\/pages\/752\/revisions"}],"predecessor-version":[{"id":4844,"href":"https:\/\/www.nunawadingbasketball.com.au\/vi\/wp-json\/wp\/v2\/pages\/752\/revisions\/4844"}],"wp:attachment":[{"href":"https:\/\/www.nunawadingbasketball.com.au\/vi\/wp-json\/wp\/v2\/media?parent=752"}],"curies":[{"name":"wp","href":"https:\/\/api.w.org\/{rel}","templated":true}]}}